{"id":101,"date":"2023-08-16T22:23:37","date_gmt":"2023-08-17T04:23:37","guid":{"rendered":"https:\/\/dentalsante.com.mx\/?page_id=101"},"modified":"2023-08-16T22:24:54","modified_gmt":"2023-08-17T04:24:54","slug":"indicaciones-en-un-tratamiento-endodontico-endodoncia","status":"publish","type":"page","link":"https:\/\/dentalsante.com.mx\/?page_id=101","title":{"rendered":"INDICACIONES EN UN TRATAMIENTO ENDOD\u00d3NTICO (ENDODONCIA)"},"content":{"rendered":"\n<p>INDICACIONES HASTA NUEVA CONSULTA.<\/p>\n\n\n\n<p>EN DIENTES EN PROCESO DE DRENADO POR INFECCI\u00d3N ( SIN OBTURAR Y EN CURACI\u00d3N) DEBERA USTED SEGUIR LO SIGUIENTE:<\/p>\n\n\n\n<p>\u00b7 NO COMER GRASAS, NI IRRITANTES ( NI ALIMENTOS RICOS EN GRASA)<\/p>\n\n\n\n<p>\u00b7 NO ASOLEARSE<\/p>\n\n\n\n<p>\u00b7 MANTENERSE FUERA DE AREAS CALIENTES<\/p>\n\n\n\n<p>\u00b7 NO HACER MOVIMIENTOS BRUSCOS<\/p>\n\n\n\n<p>\u00b7 LAVAR EL AREA AFECTADA CON UNA JERINGA ESTERIL Y AGUA PURIFICADA O SUERO FISIOLOGICO EN LA ABERTURA DE LOS CONDUCTOS TRES VECES AL DIA.<\/p>\n\n\n\n<p>\u00b7 HACER FOMENTOS CALIENTES EN EL AREA AFECTADA A INTERVALOS DE 15 MINUTOS POR ESPACIO DE UNA HORA Y MEDIA CUANDO MENOS UNA VEZ AL DIA<\/p>\n\n\n\n<p>\u00b7 ANTES DE&nbsp; CADA COMIDA COLOCAR UN ALGOD\u00d3N, DE PREFERENCIA ESTERIL, EN LA ABERTURA DEL DIENTE Y CAMBIAR ESTE DESPU\u00c9S DE COMER HUMEDECIENDOLO PREVIAMENTE EN \u00c1NTISEPTICO BUCAL, EXPRIMIENDOLO ANTES DE COLOCARLO. Y REPETIR EL PROCEDIMIENTO&nbsp; EN CADA ALIMENTO.<\/p>\n\n\n\n<p><strong>ESTAS&nbsp; INDICACIONES SON PARA SU PROPIO BIEN, SIGALAS EN DETALLE.<\/strong><\/p>\n\n\n\n<p><strong>SI PERSISTEN LAS MOLESTIAS NO DUDE EN LLAMARNOS<\/strong><\/p>\n\n\n\n<p>BOULEVARD HACIENDA DEL JACAL 709-G JARDINES DE LA HACIENDA QUER\u00c9TARO QRO.<\/p>\n\n\n\n<p>TEL Y WHATSAPP: 442 5449865<\/p>\n\n\n\n<p>NUESTRA PAGINA EN FACEBOOK:<\/p>\n\n\n\n<p><a href=\"https:\/\/www.facebook.com\/clinicadentalsante?mibextid=ZbWKwLEDITAR\">https:\/\/www.facebook.com\/clinicadentalsante?mibextid=ZbWKwLEDITAR<\/a><\/p>\n","protected":false},"excerpt":{"rendered":"<p>INDICACIONES HASTA NUEVA CONSULTA. EN DIENTES EN PROCESO DE DRENADO POR INFECCI\u00d3N ( SIN OBTURAR Y EN CURACI\u00d3N) DEBERA USTED SEGUIR LO SIGUIENTE: \u00b7 NO COMER GRASAS, NI IRRITANTES ( NI ALIMENTOS RICOS EN GRASA) \u00b7 NO ASOLEARSE \u00b7 MANTENERSE FUERA DE AREAS CALIENTES \u00b7 NO HACER MOVIMIENTOS BRUSCOS \u00b7 LAVAR EL AREA AFECTADA CON &hellip; <a href=\"https:\/\/dentalsante.com.mx\/?page_id=101\" class=\"more-link\">Seguir leyendo <span class=\"screen-reader-text\">INDICACIONES EN UN TRATAMIENTO ENDOD\u00d3NTICO (ENDODONCIA)<\/span> <span class=\"meta-nav\">&rarr;<\/span><\/a><\/p>\n","protected":false},"author":1,"featured_media":0,"parent":0,"menu_order":0,"comment_status":"closed","ping_status":"closed","template":"","meta":[],"_links":{"self":[{"href":"https:\/\/dentalsante.com.mx\/index.php?rest_route=\/wp\/v2\/pages\/101"}],"collection":[{"href":"https:\/\/dentalsante.com.mx\/index.php?rest_route=\/wp\/v2\/pages"}],"about":[{"href":"https:\/\/dentalsante.com.mx\/index.php?rest_route=\/wp\/v2\/types\/page"}],"author":[{"embeddable":true,"href":"https:\/\/dentalsante.com.mx\/index.php?rest_route=\/wp\/v2\/users\/1"}],"replies":[{"embeddable":true,"href":"https:\/\/dentalsante.com.mx\/index.php?rest_route=%2Fwp%2Fv2%2Fcomments&post=101"}],"version-history":[{"count":4,"href":"https:\/\/dentalsante.com.mx\/index.php?rest_route=\/wp\/v2\/pages\/101\/revisions"}],"predecessor-version":[{"id":106,"href":"https:\/\/dentalsante.com.mx\/index.php?rest_route=\/wp\/v2\/pages\/101\/revisions\/106"}],"wp:attachment":[{"href":"https:\/\/dentalsante.com.mx\/index.php?rest_route=%2Fwp%2Fv2%2Fmedia&parent=101"}],"curies":[{"name":"wp","href":"https:\/\/api.w.org\/{rel}","templated":true}]}}