{"id":108,"date":"2023-08-16T22:27:26","date_gmt":"2023-08-17T04:27:26","guid":{"rendered":"https:\/\/dentalsante.com.mx\/?page_id=108"},"modified":"2023-08-16T22:28:15","modified_gmt":"2023-08-17T04:28:15","slug":"indicaciones-para-despues-de-una-cirugia-dental","status":"publish","type":"page","link":"https:\/\/dentalsante.com.mx\/?page_id=108","title":{"rendered":"INDICACIONES PARA DESPU\u00c9S DE UNA CIRUG\u00cdA DENTAL."},"content":{"rendered":"\n<p>USTED HA SIDO INTERVENIDO QUIR\u00daRGICAMENTE Y DEBERA CONSERVAR LAS SIGUIENTES INDICACIONES:<\/p>\n\n\n\n<p>POR UN PERIODO DE SIETE DIAS.<\/p>\n\n\n\n<p>\u00b7 MANTEGASE EN REPOSO RELATIVO&nbsp; POR LO MENOS TRES DIAS.<\/p>\n\n\n\n<p>\u00b7 DESPU\u00c9S DEL PERIODO DE REPOSO, ABSTENGASE DE REALIZAR ALGUNA ACTIVIDAD BRUSCA O AGITACI\u00d3N HASTA NUEVA INDICACI\u00d3N<\/p>\n\n\n\n<p>\u00b7 NO COMA GRASAS, NI IRRITANTES ( NI ALIMENTOS RICOS EN GRASA)<\/p>\n\n\n\n<p>\u00b7 NO SE ASOLEE O PERMANEZCA MUCHO TIEMPO BAJO LOS RAYOS DEL SOL.<\/p>\n\n\n\n<p>\u00b7 MANTENGASE FUERA DE AREAS CALIENTES<\/p>\n\n\n\n<p>\u00b7 NO HAGA MOVIMIENTOS BRUSCOS<\/p>\n\n\n\n<p>\u00b7 NO NADE<\/p>\n\n\n\n<p>\u00b7 NO HAGA BUCHES O ENJUAGUES<\/p>\n\n\n\n<p>\u00b7 APLIQUE FOMENTOS FRIOS POR UN PERIODO DE TRES DIAS CUANDO MENOS&nbsp; UNA VEZ AL DIA<\/p>\n\n\n\n<p>\u00b7 POR UN PERIODO DE TRES DIAS., COLOQUE EN LA ZONA AFECTADA NIEVE DE LIM\u00d3N SIN SEMILLA Y ESPERE HASTA QUE SE DERRITA ESTA ; LAS VECES AL D\u00cdA QUE USTED DESEE.<\/p>\n\n\n\n<p>\u00b7 PARA LAVAR LA ZONA USE UNA JERINGA HIPODERMICA, ROMPALE LA AGUJA Y APLIQUE SUERO SALINO EN EL AREA A PRESI\u00d3N O AGUA HERVIDA.<\/p>\n\n\n\n<p>\u00b7 USE POCA PASTA DENTAL EN LOS DEMAS DIENTES.<\/p>\n\n\n\n<p>\u00b7 SI PERSISTE EL SANGRADO COLOCAR UNA GASA ESTERIL EN EL AREA AFECTADA Y PRESIONAR FIRMEMENTE POR ESPACIO DE 15 MINUTOS, TRATANDO DE NO REPETIR EL PROCEDIMIENTO.<\/p>\n\n\n\n<p>SI TIENE DOLOR UTILIZE EL MEDICAMENTO DE SU PREFERENCIA O EL QUE LE HAYA ASIGNADO SU DOCTOR.<\/p>\n\n\n\n<p><strong>ESTAS&nbsp; INDICACIONES SON PARA SU PROPIO BIEN, SIGALAS EN DETALLE.<\/strong><\/p>\n\n\n\n<p><strong>SI PERSISTEN LAS MOLESTIAS NO DUDE EN LLAMARNOS<\/strong>.<\/p>\n\n\n\n<p>BOULEVARD HACIENDA DEL JACAL 709-G JARDINES DE LA HACIENDA QUER\u00c9TARO QRO.<\/p>\n\n\n\n<p>TEL Y WHATSAPP: 442 5449865<\/p>\n\n\n\n<p>NUESTRA PAGINA EN FACEBOOK:<\/p>\n\n\n\n<p><a href=\"https:\/\/www.facebook.com\/clinicadentalsante?mibextid=ZbWKwLEDITAR\">https:\/\/www.facebook.com\/clinicadentalsante?mibextid=ZbWKwLEDITAR<\/a><\/p>\n","protected":false},"excerpt":{"rendered":"<p>USTED HA SIDO INTERVENIDO QUIR\u00daRGICAMENTE Y DEBERA CONSERVAR LAS SIGUIENTES INDICACIONES: POR UN PERIODO DE SIETE DIAS. \u00b7 MANTEGASE EN REPOSO RELATIVO&nbsp; POR LO MENOS TRES DIAS. \u00b7 DESPU\u00c9S DEL PERIODO DE REPOSO, ABSTENGASE DE REALIZAR ALGUNA ACTIVIDAD BRUSCA O AGITACI\u00d3N HASTA NUEVA INDICACI\u00d3N \u00b7 NO COMA GRASAS, NI IRRITANTES ( NI ALIMENTOS RICOS EN &hellip; <a href=\"https:\/\/dentalsante.com.mx\/?page_id=108\" class=\"more-link\">Seguir leyendo <span class=\"screen-reader-text\">INDICACIONES PARA DESPU\u00c9S DE UNA CIRUG\u00cdA DENTAL.<\/span> <span class=\"meta-nav\">&rarr;<\/span><\/a><\/p>\n","protected":false},"author":1,"featured_media":0,"parent":0,"menu_order":0,"comment_status":"closed","ping_status":"closed","template":"","meta":[],"_links":{"self":[{"href":"https:\/\/dentalsante.com.mx\/index.php?rest_route=\/wp\/v2\/pages\/108"}],"collection":[{"href":"https:\/\/dentalsante.com.mx\/index.php?rest_route=\/wp\/v2\/pages"}],"about":[{"href":"https:\/\/dentalsante.com.mx\/index.php?rest_route=\/wp\/v2\/types\/page"}],"author":[{"embeddable":true,"href":"https:\/\/dentalsante.com.mx\/index.php?rest_route=\/wp\/v2\/users\/1"}],"replies":[{"embeddable":true,"href":"https:\/\/dentalsante.com.mx\/index.php?rest_route=%2Fwp%2Fv2%2Fcomments&post=108"}],"version-history":[{"count":2,"href":"https:\/\/dentalsante.com.mx\/index.php?rest_route=\/wp\/v2\/pages\/108\/revisions"}],"predecessor-version":[{"id":111,"href":"https:\/\/dentalsante.com.mx\/index.php?rest_route=\/wp\/v2\/pages\/108\/revisions\/111"}],"wp:attachment":[{"href":"https:\/\/dentalsante.com.mx\/index.php?rest_route=%2Fwp%2Fv2%2Fmedia&parent=108"}],"curies":[{"name":"wp","href":"https:\/\/api.w.org\/{rel}","templated":true}]}}