{"id":112,"date":"2023-08-16T22:29:34","date_gmt":"2023-08-17T04:29:34","guid":{"rendered":"https:\/\/dentalsante.com.mx\/?page_id=112"},"modified":"2023-08-16T22:30:13","modified_gmt":"2023-08-17T04:30:13","slug":"informacion-para-usted","status":"publish","type":"page","link":"https:\/\/dentalsante.com.mx\/?page_id=112","title":{"rendered":"INFORMACI\u00d3N PARA USTED."},"content":{"rendered":"\n<p>\u00bf QUE ES UNA MUELA IMPACTADA?<\/p>\n\n\n\n<p><strong>La mayor\u00eda de las personas comienzan a&nbsp;&nbsp;&nbsp;&nbsp;&nbsp;&nbsp;&nbsp; desarrollar terceros molares o muelas del juicio a la edad de los&nbsp; 19 o 20 a\u00f1os. en la mayor\u00eda de los casos no existe espacio para que se acomoden y estas se desarrollan por debajo de las enc\u00edas y hueso.<\/strong><\/p>\n\n\n\n<p>PROBLEMAS<\/p>\n\n\n\n<p>Los problemas pueden ser variados desde una infecci\u00f3n hasta la perdida del molar adyacente.<\/p>\n\n\n\n<p><strong>QUISTES.<\/strong><\/p>\n\n\n\n<p>Pueden tambi\u00e9n causar quistes que a la larga pueden destruir su mand\u00edbula por el crecimiento de la c\u00e1psula de erupci\u00f3n del molar impactado<\/p>\n\n\n\n<p><strong>DOLORES EN CABEZA Y CUELLO<\/strong>.<\/p>\n\n\n\n<p>En ocasiones aquellos dolores de cabeza, cuello y nuca que son sin alguna causa aparente pueden ser causados por terceros molares impactados.<\/p>\n\n\n\n<p><strong>DOLORES EN BOCA.<\/strong><\/p>\n\n\n\n<p>Puede causar dolor en su boca al abrir y cerrar esta o inflamando la zona posterior de sus muelas produciendo laceraciones que incluso sangran a la mas m\u00ednima provocaci\u00f3n.<\/p>\n\n\n\n<p><strong>MAL OLOR DE BOCA (HALITOSIS).<\/strong><\/p>\n\n\n\n<p>En muchos casos el tejido que rodea a los molares impactados crea una bolsa o recept\u00e1culo, el cual con el paso del tiempo va guardando comida y esta al descomponerse causa mal aliento.<\/p>\n\n\n\n<p><strong>MOVIMIENTO DENTAL INDESEABLE<\/strong><strong><\/strong><\/p>\n\n\n\n<p>Aunque en la mayor\u00eda de los casos el movimiento de los dientes no se debe a la aparici\u00f3n de los terceros molares, estos si pueden coadyuvar al movimiento y desacomodo de los dientes.<\/p>\n\n\n\n<p><strong>\u00bfQU\u00c9 HACER?<\/strong><\/p>\n\n\n\n<p>Tenga usted en mente que los problemas de la boca si no son tratados avanzan y avanzan hasta crear grandes complicaciones y destrucciones.<\/p>\n\n\n\n<p>\u00a1no cierre los ojos a esta&nbsp; verdad!<\/p>\n\n\n\n<p>Esto no resuelve nada, tarde o temprano tendr\u00e1 la necesidad de acudir a que le atiendan.<\/p>\n\n\n\n<p><strong>SI PERSISTEN LAS MOLESTIAS NO DUDE EN LLAMARNOS<\/strong>.<\/p>\n\n\n\n<p>BOULEVARD HACIENDA DEL JACAL 709-G JARDINES DE LA HACIENDA QUER\u00c9TARO QRO.<\/p>\n\n\n\n<p>TEL Y WHATSAPP: 442 5449865<\/p>\n\n\n\n<p>NUESTRA PAGINA EN FACEBOOK:<\/p>\n\n\n\n<p><a href=\"https:\/\/www.facebook.com\/clinicadentalsante?mibextid=ZbWKwLEDITAR\">https:\/\/www.facebook.com\/clinicadentalsante?mibextid=ZbWKwLEDITAR<\/a><\/p>\n","protected":false},"excerpt":{"rendered":"<p>\u00bf QUE ES UNA MUELA IMPACTADA? La mayor\u00eda de las personas comienzan a&nbsp;&nbsp;&nbsp;&nbsp;&nbsp;&nbsp;&nbsp; desarrollar terceros molares o muelas del juicio a la edad de los&nbsp; 19 o 20 a\u00f1os. en la mayor\u00eda de los casos no existe espacio para que se acomoden y estas se desarrollan por debajo de las enc\u00edas y hueso. PROBLEMAS Los &hellip; <a href=\"https:\/\/dentalsante.com.mx\/?page_id=112\" class=\"more-link\">Seguir leyendo <span class=\"screen-reader-text\">INFORMACI\u00d3N PARA USTED.<\/span> <span class=\"meta-nav\">&rarr;<\/span><\/a><\/p>\n","protected":false},"author":1,"featured_media":0,"parent":0,"menu_order":0,"comment_status":"closed","ping_status":"closed","template":"","meta":[],"_links":{"self":[{"href":"https:\/\/dentalsante.com.mx\/index.php?rest_route=\/wp\/v2\/pages\/112"}],"collection":[{"href":"https:\/\/dentalsante.com.mx\/index.php?rest_route=\/wp\/v2\/pages"}],"about":[{"href":"https:\/\/dentalsante.com.mx\/index.php?rest_route=\/wp\/v2\/types\/page"}],"author":[{"embeddable":true,"href":"https:\/\/dentalsante.com.mx\/index.php?rest_route=\/wp\/v2\/users\/1"}],"replies":[{"embeddable":true,"href":"https:\/\/dentalsante.com.mx\/index.php?rest_route=%2Fwp%2Fv2%2Fcomments&post=112"}],"version-history":[{"count":2,"href":"https:\/\/dentalsante.com.mx\/index.php?rest_route=\/wp\/v2\/pages\/112\/revisions"}],"predecessor-version":[{"id":115,"href":"https:\/\/dentalsante.com.mx\/index.php?rest_route=\/wp\/v2\/pages\/112\/revisions\/115"}],"wp:attachment":[{"href":"https:\/\/dentalsante.com.mx\/index.php?rest_route=%2Fwp%2Fv2%2Fmedia&parent=112"}],"curies":[{"name":"wp","href":"https:\/\/api.w.org\/{rel}","templated":true}]}}