{"id":2,"date":"2021-10-24T23:05:48","date_gmt":"2021-10-24T23:05:48","guid":{"rendered":"https:\/\/dentalsante.com.mx\/?page_id=2"},"modified":"2023-08-16T22:15:30","modified_gmt":"2023-08-17T04:15:30","slug":"pagina-ejemplo","status":"publish","type":"page","link":"https:\/\/dentalsante.com.mx\/?page_id=2","title":{"rendered":"SUGERENCIAS PARA EL CUIDADO DEL PACIENTE."},"content":{"rendered":"\n<p>Siempre que nosotros vamos al dentista debemos tener en cuenta que, dependiendo del procedimiento que se nos realice, hay que mantener ciertas indicaciones, por eso le recomendamos lo siguiente:<\/p>\n\n\n\n<p>\u00b7&nbsp;Coma algo ligero antes de ir con su dentista; pues es posible, dependiendo del procedimiento, que le indique que no consuma alimento por alg\u00fan tiempo despu\u00e9s de la intervenci\u00f3n.<\/p>\n\n\n\n<p>\u00b7&nbsp;Trate de ir lo m\u00e1s c\u00f3modo posible, para que no sienta pesado el procedimiento. La mayor\u00eda de los procedimientos se realizan de treinta a cuarenta y cinco minutos, pero en ocasiones estos se pueden alargar.<\/p>\n\n\n\n<p>\u00b7&nbsp;Si usa lentes de contacto, ind\u00edquelo a su dentista para que tome las medidas pertinentes en su manejo.<\/p>\n\n\n\n<p>\u00b7&nbsp;Asista con continuidad a sus citas, pues en la mayor\u00eda de los procedimientos, las curaciones que se colocan tienen tiempo de caducidad, por lo que la falta de asiduidad tiene repercusiones directas en su tratamiento.<\/p>\n\n\n\n<p>\u00b7&nbsp;No espere a sentir dolor para venir con nosotros. Considere que cuando sentimos dolor los problemas son m\u00e1s graves, que cuando asistimos con regularidad con nuestro dentista.<\/p>\n\n\n\n<p>BOULEVARD HACIENDA DEL JACAL 709-G   JARDINES DE LA HACIENDA   QUER\u00c9TARO  QRO.<\/p>\n\n\n\n<p>TEL Y WHATSAPP:   442 5449865<\/p>\n\n\n\n<p>NUESTRA PAGINA EN FACEBOOK:<\/p>\n\n\n\n<p><a href=\"https:\/\/www.facebook.com\/clinicadentalsante?mibextid=ZbWKwL\">https:\/\/www.facebook.com\/clinicadentalsante?mibextid=ZbWKwL<\/a><\/p>\n","protected":false},"excerpt":{"rendered":"<p>Siempre que nosotros vamos al dentista debemos tener en cuenta que, dependiendo del procedimiento que se nos realice, hay que mantener ciertas indicaciones, por eso le recomendamos lo siguiente: \u00b7&nbsp;Coma algo ligero antes de ir con su dentista; pues es posible, dependiendo del procedimiento, que le indique que no consuma alimento por alg\u00fan tiempo despu\u00e9s &hellip; <a href=\"https:\/\/dentalsante.com.mx\/?page_id=2\" class=\"more-link\">Seguir leyendo <span class=\"screen-reader-text\">SUGERENCIAS PARA EL CUIDADO DEL PACIENTE.<\/span> <span class=\"meta-nav\">&rarr;<\/span><\/a><\/p>\n","protected":false},"author":1,"featured_media":0,"parent":0,"menu_order":0,"comment_status":"closed","ping_status":"open","template":"","meta":[],"_links":{"self":[{"href":"https:\/\/dentalsante.com.mx\/index.php?rest_route=\/wp\/v2\/pages\/2"}],"collection":[{"href":"https:\/\/dentalsante.com.mx\/index.php?rest_route=\/wp\/v2\/pages"}],"about":[{"href":"https:\/\/dentalsante.com.mx\/index.php?rest_route=\/wp\/v2\/types\/page"}],"author":[{"embeddable":true,"href":"https:\/\/dentalsante.com.mx\/index.php?rest_route=\/wp\/v2\/users\/1"}],"replies":[{"embeddable":true,"href":"https:\/\/dentalsante.com.mx\/index.php?rest_route=%2Fwp%2Fv2%2Fcomments&post=2"}],"version-history":[{"count":4,"href":"https:\/\/dentalsante.com.mx\/index.php?rest_route=\/wp\/v2\/pages\/2\/revisions"}],"predecessor-version":[{"id":99,"href":"https:\/\/dentalsante.com.mx\/index.php?rest_route=\/wp\/v2\/pages\/2\/revisions\/99"}],"wp:attachment":[{"href":"https:\/\/dentalsante.com.mx\/index.php?rest_route=%2Fwp%2Fv2%2Fmedia&parent=2"}],"curies":[{"name":"wp","href":"https:\/\/api.w.org\/{rel}","templated":true}]}}