{"id":62,"date":"2023-08-09T21:25:37","date_gmt":"2023-08-10T03:25:37","guid":{"rendered":"https:\/\/dentalsante.com.mx\/?page_id=62"},"modified":"2023-08-16T22:14:48","modified_gmt":"2023-08-17T04:14:48","slug":"quienes-somos","status":"publish","type":"page","link":"https:\/\/dentalsante.com.mx\/?page_id=62","title":{"rendered":"\u00bfQUIENES SOMOS?"},"content":{"rendered":"\n<p>Somos una empresa Nacida en la Ciudad de Quer\u00e9taro dedicada a la Atencion Dental Especializada de Adolescentes y Adultos.<\/p>\n\n\n\n<p><strong>\u00bfQu\u00e9 significa Sant\u00e9?<\/strong><\/p>\n\n\n\n<p>Sant\u00e9 significa salud, y precisamente somos un grupo de profesionales encargados de la salud dental de nuestros pacientes y de la educaci\u00f3n odontol\u00f3gica de los profesionales.<\/p>\n\n\n\n<p><strong>Origen.<\/strong><\/p>\n\n\n\n<p>Grupo Sant\u00e9 nace en el a\u00f1o de 1996 en la Ciudad de Quer\u00e9taro pensando en la&nbsp; necesidad de una mejora&nbsp; continua de los servicios dentales y de la educaci\u00f3n odontol\u00f3gica de los profesionistas dentales.<\/p>\n\n\n\n<p><strong>Servicios.<\/strong><\/p>\n\n\n\n<p>Los servicios de nuestra Cl\u00ednica son&nbsp;la atenci\u00f3n integral a los pacientes a trav\u00e9s de citas programadas en la Ciudad de Quer\u00e9taro y la disposici\u00f3n de consultar los principales pormenores e indicaciones de un tratamiento dental. Entre otros servicios ofrecemos planes personalizados Integrales para personas Jovenes y Adultas, asi como los Servicios de: Pr\u00f2tesis Dental Restauradora (desde un diente hasta una dentadura completa), Blanqueamiento dental con laser, extracci\u00f3n de Muelas del juicio (terceros molares), Endodoncia, Ortodoncia, Odontolog\u00eda Est\u00e9tica, Odontolog\u00eda Preventiva y Biomim\u00e9tica, Implantes dentales, fisioterapia de M\u00f9sculos masticadores  y correccion de mordida.. <\/p>\n\n\n\n<p>Concerte una cita y encontraremos la Mejor Soluci\u00f3n para Usted.<\/p>\n\n\n\n<p>BOULEVARD HACIENDA DEL JACAL 709-G JARDINES DE LA HACIENDA QUER\u00c9TARO QRO.<\/p>\n\n\n\n<p>TEL Y WHATSAPP: 442 5449865<\/p>\n\n\n\n<p>NUESTRA PAGINA EN FACEBOOK:<\/p>\n\n\n\n<p><a href=\"https:\/\/www.facebook.com\/clinicadentalsante?mibextid=ZbWKwL\">https:\/\/www.facebook.com\/clinicadentalsante?mibextid=ZbWKwL<\/a><\/p>\n","protected":false},"excerpt":{"rendered":"<p>Somos una empresa Nacida en la Ciudad de Quer\u00e9taro dedicada a la Atencion Dental Especializada de Adolescentes y Adultos. \u00bfQu\u00e9 significa Sant\u00e9? Sant\u00e9 significa salud, y precisamente somos un grupo de profesionales encargados de la salud dental de nuestros pacientes y de la educaci\u00f3n odontol\u00f3gica de los profesionales. Origen. Grupo Sant\u00e9 nace en el a\u00f1o &hellip; <a href=\"https:\/\/dentalsante.com.mx\/?page_id=62\" class=\"more-link\">Seguir leyendo <span class=\"screen-reader-text\">\u00bfQUIENES SOMOS?<\/span> <span class=\"meta-nav\">&rarr;<\/span><\/a><\/p>\n","protected":false},"author":1,"featured_media":0,"parent":0,"menu_order":0,"comment_status":"closed","ping_status":"closed","template":"","meta":[],"_links":{"self":[{"href":"https:\/\/dentalsante.com.mx\/index.php?rest_route=\/wp\/v2\/pages\/62"}],"collection":[{"href":"https:\/\/dentalsante.com.mx\/index.php?rest_route=\/wp\/v2\/pages"}],"about":[{"href":"https:\/\/dentalsante.com.mx\/index.php?rest_route=\/wp\/v2\/types\/page"}],"author":[{"embeddable":true,"href":"https:\/\/dentalsante.com.mx\/index.php?rest_route=\/wp\/v2\/users\/1"}],"replies":[{"embeddable":true,"href":"https:\/\/dentalsante.com.mx\/index.php?rest_route=%2Fwp%2Fv2%2Fcomments&post=62"}],"version-history":[{"count":7,"href":"https:\/\/dentalsante.com.mx\/index.php?rest_route=\/wp\/v2\/pages\/62\/revisions"}],"predecessor-version":[{"id":95,"href":"https:\/\/dentalsante.com.mx\/index.php?rest_route=\/wp\/v2\/pages\/62\/revisions\/95"}],"wp:attachment":[{"href":"https:\/\/dentalsante.com.mx\/index.php?rest_route=%2Fwp%2Fv2%2Fmedia&parent=62"}],"curies":[{"name":"wp","href":"https:\/\/api.w.org\/{rel}","templated":true}]}}